{"id":3,"date":"2020-04-27T08:15:00","date_gmt":"2020-04-27T08:15:00","guid":{"rendered":"https:\/\/thefoxhouse.ptwp\/?page_id=3"},"modified":"2026-02-15T12:45:09","modified_gmt":"2026-02-15T12:45:09","slug":"privacy-policy-2","status":"publish","type":"page","link":"https:\/\/thefoxhouse.pt\/pt\/privacy-policy-2\/","title":{"rendered":"Pol\u00edtica de Privacidade"},"content":{"rendered":"<div data-elementor-type=\"wp-page\" data-elementor-id=\"3\" class=\"elementor elementor-3\" data-elementor-post-type=\"page\">\n\t\t\t\t\t\t<section class=\"elementor-section elementor-top-section elementor-element elementor-element-239f877 elementor-section-full_width elementor-section-height-min-height elementor-section-items-stretch elementor-reverse-mobile elementor-section-height-default\" data-id=\"239f877\" data-element_type=\"section\" data-settings=\"{&quot;background_background&quot;:&quot;classic&quot;}\">\n\t\t\t\t\t\t<div class=\"elementor-container elementor-column-gap-default\">\n\t\t\t\t\t<div class=\"elementor-column elementor-col-33 elementor-top-column elementor-element elementor-element-7f9d1e6\" data-id=\"7f9d1e6\" data-element_type=\"column\">\n\t\t\t<div class=\"elementor-widget-wrap elementor-element-populated\">\n\t\t\t\t\t\t<div class=\"elementor-element elementor-element-a19efb7 elementor-widget__width-auto transl elementor-nav-menu--dropdown-none elementor-hidden-desktop elementor-hidden-tablet elementor-widget elementor-widget-nav-menu\" data-id=\"a19efb7\" data-element_type=\"widget\" data-settings=\"{&quot;layout&quot;:&quot;horizontal&quot;,&quot;submenu_icon&quot;:{&quot;value&quot;:&quot;&lt;i class=\\&quot;fas fa-caret-down\\&quot;&gt;&lt;\\\/i&gt;&quot;,&quot;library&quot;:&quot;fa-solid&quot;}}\" data-widget_type=\"nav-menu.default\">\n\t\t\t\t<div class=\"elementor-widget-container\">\n\t\t\t\t\t\t<nav aria-label=\"Menu\" class=\"elementor-nav-menu--main elementor-nav-menu__container elementor-nav-menu--layout-horizontal e--pointer-none\">\n\t\t\t\t<ul id=\"menu-1-a19efb7\" class=\"elementor-nav-menu\"><li class=\"trp-language-switcher-container menu-item menu-item-type-post_type menu-item-object-language_switcher current-language-menu-item menu-item-4726\"><a href=\"https:\/\/thefoxhouse.pt\/pt\/wp-json\/wp\/v2\/pages\/3\" class=\"elementor-item elementor-item-anchor\"><span data-no-translation><span class=\"trp-ls-language-name\">EN<\/span><\/span><\/a><\/li>\n<li class=\"trp-language-switcher-container menu-item menu-item-type-post_type menu-item-object-language_switcher current-language-menu-item menu-item-4727\"><a href=\"https:\/\/thefoxhouse.pt\/pt\/wp-json\/wp\/v2\/pages\/3\" class=\"elementor-item elementor-item-anchor\"><span data-no-translation><span class=\"trp-ls-language-name\">PT<\/span><\/span><\/a><\/li>\n<\/ul>\t\t\t<\/nav>\n\t\t\t\t\t\t<nav class=\"elementor-nav-menu--dropdown elementor-nav-menu__container\" aria-hidden=\"true\">\n\t\t\t\t<ul id=\"menu-2-a19efb7\" class=\"elementor-nav-menu\"><li class=\"trp-language-switcher-container menu-item menu-item-type-post_type menu-item-object-language_switcher current-language-menu-item menu-item-4726\"><a href=\"https:\/\/thefoxhouse.pt\/pt\/wp-json\/wp\/v2\/pages\/3\" class=\"elementor-item elementor-item-anchor\" tabindex=\"-1\"><span data-no-translation><span class=\"trp-ls-language-name\">EN<\/span><\/span><\/a><\/li>\n<li class=\"trp-language-switcher-container menu-item menu-item-type-post_type menu-item-object-language_switcher current-language-menu-item menu-item-4727\"><a href=\"https:\/\/thefoxhouse.pt\/pt\/wp-json\/wp\/v2\/pages\/3\" class=\"elementor-item elementor-item-anchor\" tabindex=\"-1\"><span data-no-translation><span class=\"trp-ls-language-name\">PT<\/span><\/span><\/a><\/li>\n<\/ul>\t\t\t<\/nav>\n\t\t\t\t<\/div>\n\t\t\t\t<\/div>\n\t\t\t\t<div class=\"elementor-element elementor-element-1e806df elementor-widget__width-auto elementor-view-default elementor-widget elementor-widget-icon\" data-id=\"1e806df\" data-element_type=\"widget\" data-widget_type=\"icon.default\">\n\t\t\t\t<div class=\"elementor-widget-container\">\n\t\t\t\t\t<div class=\"elementor-icon-wrapper\">\n\t\t\t<a class=\"elementor-icon\" href=\"#elementor-action:action=popup:open&settings=eyJpZCI6IjQ2NzYiLCJ0b2dnbGUiOmZhbHNlfQ==\">\n\t\t\t<svg xmlns=\"http:\/\/www.w3.org\/2000\/svg\" height=\"24\" viewbox=\"0 0 24 24\" width=\"24\"><path d=\"M0 0h24v24H0z\" fill=\"none\"><\/path><path d=\"M2 15.5v2h20v-2H2zm0-5v2h20v-2H2zm0-5v2h20v-2H2z\"><\/path><\/svg>\t\t\t<\/a>\n\t\t<\/div>\n\t\t\t\t<\/div>\n\t\t\t\t<\/div>\n\t\t\t\t<div class=\"elementor-element elementor-element-6c78aa9 elementor-widget__width-auto transl elementor-nav-menu--dropdown-none elementor-hidden-mobile elementor-widget elementor-widget-nav-menu\" data-id=\"6c78aa9\" data-element_type=\"widget\" data-settings=\"{&quot;layout&quot;:&quot;horizontal&quot;,&quot;submenu_icon&quot;:{&quot;value&quot;:&quot;&lt;i class=\\&quot;fas fa-caret-down\\&quot;&gt;&lt;\\\/i&gt;&quot;,&quot;library&quot;:&quot;fa-solid&quot;}}\" data-widget_type=\"nav-menu.default\">\n\t\t\t\t<div class=\"elementor-widget-container\">\n\t\t\t\t\t\t<nav aria-label=\"Menu\" class=\"elementor-nav-menu--main elementor-nav-menu__container elementor-nav-menu--layout-horizontal e--pointer-none\">\n\t\t\t\t<ul id=\"menu-1-6c78aa9\" class=\"elementor-nav-menu\"><li class=\"trp-language-switcher-container menu-item menu-item-type-post_type menu-item-object-language_switcher current-language-menu-item menu-item-4726\"><a href=\"https:\/\/thefoxhouse.pt\/pt\/wp-json\/wp\/v2\/pages\/3\" class=\"elementor-item elementor-item-anchor\"><span data-no-translation><span class=\"trp-ls-language-name\">EN<\/span><\/span><\/a><\/li>\n<li class=\"trp-language-switcher-container menu-item menu-item-type-post_type menu-item-object-language_switcher current-language-menu-item menu-item-4727\"><a href=\"https:\/\/thefoxhouse.pt\/pt\/wp-json\/wp\/v2\/pages\/3\" class=\"elementor-item elementor-item-anchor\"><span data-no-translation><span class=\"trp-ls-language-name\">PT<\/span><\/span><\/a><\/li>\n<\/ul>\t\t\t<\/nav>\n\t\t\t\t\t\t<nav class=\"elementor-nav-menu--dropdown elementor-nav-menu__container\" aria-hidden=\"true\">\n\t\t\t\t<ul id=\"menu-2-6c78aa9\" class=\"elementor-nav-menu\"><li class=\"trp-language-switcher-container menu-item menu-item-type-post_type menu-item-object-language_switcher current-language-menu-item menu-item-4726\"><a href=\"https:\/\/thefoxhouse.pt\/pt\/wp-json\/wp\/v2\/pages\/3\" class=\"elementor-item elementor-item-anchor\" tabindex=\"-1\"><span data-no-translation><span class=\"trp-ls-language-name\">EN<\/span><\/span><\/a><\/li>\n<li class=\"trp-language-switcher-container menu-item menu-item-type-post_type menu-item-object-language_switcher current-language-menu-item menu-item-4727\"><a href=\"https:\/\/thefoxhouse.pt\/pt\/wp-json\/wp\/v2\/pages\/3\" class=\"elementor-item elementor-item-anchor\" tabindex=\"-1\"><span data-no-translation><span class=\"trp-ls-language-name\">PT<\/span><\/span><\/a><\/li>\n<\/ul>\t\t\t<\/nav>\n\t\t\t\t<\/div>\n\t\t\t\t<\/div>\n\t\t\t\t\t<\/div>\n\t\t<\/div>\n\t\t\t\t<div class=\"elementor-column elementor-col-33 elementor-top-column elementor-element elementor-element-285635b\" data-id=\"285635b\" data-element_type=\"column\">\n\t\t\t<div class=\"elementor-widget-wrap elementor-element-populated\">\n\t\t\t\t\t\t<div class=\"elementor-element elementor-element-bc7d97f elementor-widget__width-auto elementor-widget elementor-widget-image\" data-id=\"bc7d97f\" data-element_type=\"widget\" data-widget_type=\"image.default\">\n\t\t\t\t<div class=\"elementor-widget-container\">\n\t\t\t\t\t\t\t\t\t\t\t\t\t\t<a href=\"https:\/\/thefoxhouse.pt\/pt\/#top\">\n\t\t\t\t\t\t\t<img fetchpriority=\"high\" decoding=\"async\" width=\"795\" height=\"635\" src=\"https:\/\/thefoxhouse.pt\/wp-content\/uploads\/2024\/10\/THEFOX_LOGO.png\" class=\"attachment-full size-full wp-image-4429\" alt=\"\" srcset=\"https:\/\/thefoxhouse.pt\/wp-content\/uploads\/2024\/10\/THEFOX_LOGO.png 795w, https:\/\/thefoxhouse.pt\/wp-content\/uploads\/2024\/10\/THEFOX_LOGO-300x240.png 300w, https:\/\/thefoxhouse.pt\/wp-content\/uploads\/2024\/10\/THEFOX_LOGO-768x613.png 768w, https:\/\/thefoxhouse.pt\/wp-content\/uploads\/2024\/10\/THEFOX_LOGO-440x351.png 440w\" sizes=\"(max-width: 795px) 100vw, 795px\" \/>\t\t\t\t\t\t\t\t<\/a>\n\t\t\t\t\t\t\t\t\t\t\t\t\t<\/div>\n\t\t\t\t<\/div>\n\t\t\t\t\t<\/div>\n\t\t<\/div>\n\t\t\t\t<div class=\"elementor-column elementor-col-33 elementor-top-column elementor-element elementor-element-488796a elementor-hidden-mobile\" data-id=\"488796a\" data-element_type=\"column\">\n\t\t\t<div class=\"elementor-widget-wrap elementor-element-populated\">\n\t\t\t\t\t\t<div class=\"elementor-element elementor-element-032c26e elementor-widget__width-auto elementor-shape-circle elementor-grid-0 e-grid-align-center elementor-widget elementor-widget-social-icons\" data-id=\"032c26e\" data-element_type=\"widget\" data-widget_type=\"social-icons.default\">\n\t\t\t\t<div class=\"elementor-widget-container\">\n\t\t\t\t\t<div class=\"elementor-social-icons-wrapper elementor-grid\">\n\t\t\t\t\t\t\t<span class=\"elementor-grid-item\">\n\t\t\t\t\t<a class=\"elementor-icon elementor-social-icon elementor-social-icon-envelope elementor-repeater-item-be3fbbf\" href=\"mailto:thefoxhouse@thefoxhouse.pt\" target=\"_blank\">\n\t\t\t\t\t\t<span class=\"elementor-screen-only\">Envelope<\/span>\n\t\t\t\t\t\t<i class=\"fas fa-envelope\"><\/i>\t\t\t\t\t<\/a>\n\t\t\t\t<\/span>\n\t\t\t\t\t\t\t<span class=\"elementor-grid-item\">\n\t\t\t\t\t<a class=\"elementor-icon elementor-social-icon elementor-social-icon-instagram elementor-repeater-item-7f538ac\" href=\"https:\/\/www.instagram.com\/thefoxhouse\/\" target=\"_blank\">\n\t\t\t\t\t\t<span class=\"elementor-screen-only\">Instagram<\/span>\n\t\t\t\t\t\t<i class=\"fab fa-instagram\"><\/i>\t\t\t\t\t<\/a>\n\t\t\t\t<\/span>\n\t\t\t\t\t\t\t<span class=\"elementor-grid-item\">\n\t\t\t\t\t<a class=\"elementor-icon elementor-social-icon elementor-social-icon-pinterest elementor-repeater-item-5f38dc8\" href=\"https:\/\/pt.pinterest.com\/thefoxhouseportugal\/\" target=\"_blank\">\n\t\t\t\t\t\t<span class=\"elementor-screen-only\">Pinterest<\/span>\n\t\t\t\t\t\t<i class=\"fab fa-pinterest\"><\/i>\t\t\t\t\t<\/a>\n\t\t\t\t<\/span>\n\t\t\t\t\t<\/div>\n\t\t\t\t<\/div>\n\t\t\t\t<\/div>\n\t\t\t\t<div class=\"elementor-element elementor-element-62dd02a elementor-widget__width-auto elementor-widget elementor-widget-button\" data-id=\"62dd02a\" data-element_type=\"widget\" data-widget_type=\"button.default\">\n\t\t\t\t<div class=\"elementor-widget-container\">\n\t\t\t\t\t\t\t<div class=\"elementor-button-wrapper\">\n\t\t\t\t\t<a class=\"elementor-button elementor-button-link elementor-size-sm\" href=\"#elementor-action:action=popup:open&settings=eyJpZCI6IjM2NjIiLCJ0b2dnbGUiOmZhbHNlfQ==\">\n\t\t\t\t\t\t<span class=\"elementor-button-content-wrapper\">\n\t\t\t\t\t\t\t\t\t<span class=\"elementor-button-text\">Contacte-nos<\/span>\n\t\t\t\t\t<\/span>\n\t\t\t\t\t<\/a>\n\t\t\t\t<\/div>\n\t\t\t\t\t\t<\/div>\n\t\t\t\t<\/div>\n\t\t\t\t<div class=\"elementor-element elementor-element-8243c04 elementor-widget elementor-widget-html\" data-id=\"8243c04\" data-element_type=\"widget\" data-widget_type=\"html.default\">\n\t\t\t\t<div class=\"elementor-widget-container\">\n\t\t\t<script>\n    let lastScrollPosition = 0;\nconst headFixed = document.getElementById('head-fixed');\n\n\/\/ Controlar visibilidade com base no scroll\nwindow.addEventListener('scroll', () => {\n    const currentScrollPosition = window.scrollY;\n\n    if (currentScrollPosition < lastScrollPosition) {\n        \/\/ Scroll up\n        headFixed.classList.remove('hidden');\n    } else if (currentScrollPosition > 0) {\n        \/\/ Scroll down\n        headFixed.classList.add('hidden');\n    }\n\n    \/\/ Atualizar a \u00faltima posi\u00e7\u00e3o de rolagem\n    lastScrollPosition = currentScrollPosition;\n});\n\n<\/script>\t\t<\/div>\n\t\t\t\t<\/div>\n\t\t\t\t\t<\/div>\n\t\t<\/div>\n\t\t\t\t\t<\/div>\n\t\t<\/section>\n\t\t\t\t<section class=\"elementor-section elementor-top-section elementor-element elementor-element-270e00d4 elementor-section-boxed elementor-section-height-default elementor-section-height-default\" data-id=\"270e00d4\" data-element_type=\"section\">\n\t\t\t\t\t\t<div class=\"elementor-container elementor-column-gap-default\">\n\t\t\t\t\t<div class=\"elementor-column elementor-col-100 elementor-top-column elementor-element elementor-element-6679f7a7\" data-id=\"6679f7a7\" data-element_type=\"column\">\n\t\t\t<div class=\"elementor-widget-wrap elementor-element-populated\">\n\t\t\t\t\t\t<div class=\"elementor-element elementor-element-4aeb6fa elementor-widget elementor-widget-heading\" data-id=\"4aeb6fa\" data-element_type=\"widget\" data-widget_type=\"heading.default\">\n\t\t\t\t<div class=\"elementor-widget-container\">\n\t\t\t<h2 class=\"elementor-heading-title elementor-size-default\">Pol\u00edtica de Privacidade<\/h2>\t\t<\/div>\n\t\t\t\t<\/div>\n\t\t\t\t<div class=\"elementor-element elementor-element-240cf851 elementor-widget elementor-widget-text-editor\" data-id=\"240cf851\" data-element_type=\"widget\" data-no-translation=\"\" data-widget_type=\"text-editor.default\">\n\t\t\t\t<div class=\"elementor-widget-container\">\n\t\t\t<style>.elementor-element-240cf851{display:none !important}<\/style>\t\t<\/div>\n\t\t\t\t<\/div>\n\t\t\t\t<div class=\"elementor-element elementor-element-7ec7972 elementor-widget elementor-widget-text-editor\" data-id=\"7ec7972\" data-element_type=\"widget\" data-no-translation=\"\" data-widget_type=\"text-editor.default\">\n\t\t\t\t<div class=\"elementor-widget-container\">\n\t\t\t\t\t\t\t<p><strong>1. Introdu\u00e7\u00e3o<\/strong><\/p>\n<p>Esta Pol\u00edtica de Privacidade explica como a *The Fox House*, localizada na Rua Solar de Beir\u00f3s, 150, 3660-601 S\u00e3o Pedro do Sul, Portugal, recolhe, usa e protege os dados pessoais dos utilizadores do seu website. O tratamento dos dados pessoais realizado pela *The Fox House* respeita as normas de prote\u00e7\u00e3o de dados vigentes em Portugal e na Uni\u00e3o Europeia, conforme o Regulamento Geral de Prote\u00e7\u00e3o de Dados (RGPD).<\/p>\n<p><strong>2. Dados Recolhidos<\/strong><\/p>\n<p>A The Fox House recolhe os seguintes dados pessoais atrav\u00e9s do formul\u00e1rio de contacto do website:<\/p>\n<p>&#8211; Nome completo<br \/>&#8211; Endere\u00e7o de email<br \/>&#8211; N\u00famero de telefone (opcional)<br \/>&#8211; Informa\u00e7\u00e3o relevante sobre o pedido de contacto para casamentos<\/p>\n<p>Estes dados s\u00e3o recolhidos com o \u00fanico prop\u00f3sito de responder ao seu pedido de informa\u00e7\u00f5es e para preparar propostas personalizadas relacionadas com eventos de casamento.<\/p>\n<p><strong>3. Finalidade do Tratamento<\/strong><\/p>\n<p>Os dados pessoais recolhidos destinam-se a:<\/p>\n<p>&#8211; Fornecer informa\u00e7\u00f5es e responder a consultas sobre os servi\u00e7os de organiza\u00e7\u00e3o de casamentos e eventos oferecidos pela *The Fox House*.<br \/>&#8211; Personalizar a proposta de servi\u00e7os conforme as necessidades e prefer\u00eancias do utilizador.<br \/>&#8211; Manter um registo das intera\u00e7\u00f5es para melhor presta\u00e7\u00e3o do servi\u00e7o.<\/p>\n<p>Os dados pessoais ser\u00e3o utilizados apenas para estas finalidades, e a *The Fox House* compromete-se a n\u00e3o utilizar os dados para outros fins sem o consentimento expl\u00edcito do utilizador.<\/p>\n<p><strong>4. Bases Legais para o Tratamento<\/strong><\/p>\n<p>A recolha e o tratamento de dados pessoais pela *The Fox House* t\u00eam como fundamento o consentimento expl\u00edcito do utilizador ao submeter o formul\u00e1rio de contacto, de acordo com o artigo 6.\u00ba, n.\u00ba 1, al\u00ednea a) do RGPD.<\/p>\n<p><strong>5. Conserva\u00e7\u00e3o dos Dados<\/strong><\/p>\n<p>Os dados pessoais ser\u00e3o conservados pelo per\u00edodo necess\u00e1rio para responder ao pedido de contacto e para eventuais seguimentos comerciais, respeitando o prazo m\u00e1ximo de 12 meses ap\u00f3s o \u00faltimo contacto, exceto se houver obriga\u00e7\u00e3o legal para conserva\u00e7\u00e3o por um per\u00edodo mais longo.<\/p>\n<p><strong>6. Partilha de Dados com Terceiros<\/strong><\/p>\n<p>A *The Fox House* compromete-se a n\u00e3o partilhar, vender ou divulgar os dados pessoais a terceiros, exceto quando exigido por lei ou se for necess\u00e1rio para cumprimento de obriga\u00e7\u00f5es legais.<\/p>\n<p><strong>7. Direitos do Titular dos Dados<\/strong><\/p>\n<p>O utilizador tem os seguintes direitos sobre os seus dados pessoais, conforme o RGPD:<\/p>\n<p>&#8211; Direito de Acesso \u2013 Solicitar uma c\u00f3pia dos dados pessoais que possu\u00edmos.<br \/>&#8211; Direito de Retifica\u00e7\u00e3o \u2013 Corrigir qualquer dado pessoal incorreto ou incompleto.<br \/>&#8211; Direito ao Apagamento \u2013 Solicitar o apagamento dos dados pessoais quando aplic\u00e1vel.<br \/>&#8211; Direito \u00e0 Limita\u00e7\u00e3o do Tratamento \u2013 Restringir o tratamento dos dados pessoais em determinadas circunst\u00e2ncias.<br \/>&#8211; Direito de Oposi\u00e7\u00e3o \u2013 Opor-se ao tratamento dos dados pessoais, incluindo o tratamento para marketing direto.<br \/>&#8211; Direito \u00e0 Portabilidade \u2013 Solicitar a transfer\u00eancia dos dados pessoais para outra entidade, quando aplic\u00e1vel.<\/p>\n<p>Para exercer qualquer um destes direitos, o utilizador deve entrar em contacto com a *The Fox House* atrav\u00e9s do email: thefoxhouse@thefoxhouse.pt<\/p>\n<p><strong>8. Seguran\u00e7a dos Dados<\/strong><\/p>\n<p>A The Fox House implementa medidas de seguran\u00e7a t\u00e9cnicas e organizativas apropriadas para proteger os dados pessoais contra acessos n\u00e3o autorizados, perda, altera\u00e7\u00e3o ou destrui\u00e7\u00e3o.<\/p>\n<p><strong>9. Altera\u00e7\u00f5es \u00e0 Pol\u00edtica de Privacidade<\/strong><\/p>\n<p>A The Fox House reserva-se o direito de atualizar esta Pol\u00edtica de Privacidade periodicamente para refletir altera\u00e7\u00f5es nos servi\u00e7os ou conforme exigido pela legisla\u00e7\u00e3o aplic\u00e1vel. Recomendamos que consulte esta p\u00e1gina regularmente para estar informado sobre a forma como tratamos os seus dados.<\/p>\n<p><strong>10. Contacto<\/strong><\/p>\n<p>Para quest\u00f5es, d\u00favidas ou solicita\u00e7\u00f5es sobre esta Pol\u00edtica de Privacidade ou sobre o tratamento de dados pessoais, entre em contacto atrav\u00e9s do email: thefoxhouse@thefoxhouse.pt<\/p>\n<p>&#8212;<\/p>\n<p>Esta Pol\u00edtica de Privacidade foi atualizada pela \u00faltima vez em 12\/11\/2024.<\/p>\t\t\t\t\t\t<\/div>\n\t\t\t\t<\/div>\n\t\t\t\t\t<\/div>\n\t\t<\/div>\n\t\t\t\t\t<\/div>\n\t\t<\/section>\n\t\t\t\t<\/div>","protected":false},"excerpt":{"rendered":"<p>Envelope Instagram Pinterest Contact us Privacy Policy 1. Introduction This Privacy Policy explains how *The Fox House*, located at Rua Solar de Beir\u00f3s, 150, 3660-601 S\u00e3o Pedro do Sul, Portugal, collects, uses, and protects the personal data of users of its website. The data processing carried out by *The Fox House* complies with the data [&hellip;]<\/p>","protected":false},"author":1,"featured_media":0,"parent":0,"menu_order":0,"comment_status":"closed","ping_status":"closed","template":"elementor_header_footer","meta":{"_acf_changed":false,"footnotes":""},"class_list":["post-3","page","type-page","status-publish","hentry"],"acf":[],"_links":{"self":[{"href":"https:\/\/thefoxhouse.pt\/pt\/wp-json\/wp\/v2\/pages\/3","targetHints":{"allow":["GET"]}}],"collection":[{"href":"https:\/\/thefoxhouse.pt\/pt\/wp-json\/wp\/v2\/pages"}],"about":[{"href":"https:\/\/thefoxhouse.pt\/pt\/wp-json\/wp\/v2\/types\/page"}],"author":[{"embeddable":true,"href":"https:\/\/thefoxhouse.pt\/pt\/wp-json\/wp\/v2\/users\/1"}],"replies":[{"embeddable":true,"href":"https:\/\/thefoxhouse.pt\/pt\/wp-json\/wp\/v2\/comments?post=3"}],"version-history":[{"count":13,"href":"https:\/\/thefoxhouse.pt\/pt\/wp-json\/wp\/v2\/pages\/3\/revisions"}],"predecessor-version":[{"id":5862,"href":"https:\/\/thefoxhouse.pt\/pt\/wp-json\/wp\/v2\/pages\/3\/revisions\/5862"}],"wp:attachment":[{"href":"https:\/\/thefoxhouse.pt\/pt\/wp-json\/wp\/v2\/media?parent=3"}],"curies":[{"name":"wp","href":"https:\/\/api.w.org\/{rel}","templated":true}]}}